{"id":984,"date":"2021-08-01T12:42:00","date_gmt":"2021-08-01T10:42:00","guid":{"rendered":"https:\/\/mgbb.fr\/?page_id=984"},"modified":"2025-11-12T15:40:39","modified_gmt":"2025-11-12T14:40:39","slug":"encadrement-des-equipes","status":"publish","type":"page","link":"https:\/\/mgbb.fr\/index.php\/encadrement-des-equipes\/","title":{"rendered":"Encadrement des \u00e9quipes"},"content":{"rendered":"\n<p>L&rsquo;organisation sportive du club est assur\u00e9e par la commission sportive sous la responsabilit\u00e9 du bureau.<br>Concr\u00e8tement, pour chaque \u00e9quipe, des <a href=\"https:\/\/mgbb.fr\/index.php\/entrainement\/\">cr\u00e9neaux d\u2019entra\u00eenement <\/a>sont propos\u00e9s chaque semaine,<br>et pour les comp\u00e9titions, elles sont sous la responsabilit\u00e9 d&rsquo;un manager.<br>Cette organisation est compl\u00e9t\u00e9e par un <a href=\"https:\/\/mgbb.fr\/index.php\/2021\/07\/18\/le-role-du-referent-dequipe\/\">parent r\u00e9f\u00e9rent <\/a>qui est charg\u00e9 d&rsquo;assurer le lien entre le club, les parents, les entraineurs et managers.<\/p>\n\n\n\n<div class=\"wp-block-pdf-viewer-block-standard\" style=\"text-align:left\"><div class=\"uploaded-pdf\"><a href=\"https:\/\/mgbb.fr\/wp-content\/uploads\/2025\/11\/Encadrement_20251112.pdf\" data-width=\"\" data-height=\"\"><\/a><\/div><\/div>\n","protected":false},"excerpt":{"rendered":"<p>L&rsquo;organisation sportive du club est assur\u00e9e par la commission sportive sous la responsabilit\u00e9 du bureau.Concr\u00e8tement, pour chaque \u00e9quipe, des cr\u00e9neaux d\u2019entra\u00eenement sont propos\u00e9s chaque semaine,et pour les comp\u00e9titions, elles sont sous la responsabilit\u00e9 d&rsquo;un manager.Cette organisation est compl\u00e9t\u00e9e par un parent r\u00e9f\u00e9rent qui est charg\u00e9 d&rsquo;assurer le lien entre le club, les parents, les entraineurs [&hellip;]<\/p>\n","protected":false},"author":3,"featured_media":0,"parent":0,"menu_order":0,"comment_status":"closed","ping_status":"closed","template":"","meta":{"_uag_custom_page_level_css":"","site-sidebar-layout":"default","site-content-layout":"default","ast-site-content-layout":"default","site-content-style":"default","site-sidebar-style":"default","ast-global-header-display":"","ast-banner-title-visibility":"","ast-main-header-display":"","ast-hfb-above-header-display":"","ast-hfb-below-header-display":"","ast-hfb-mobile-header-display":"","site-post-title":"","ast-breadcrumbs-content":"","ast-featured-img":"","footer-sml-layout":"","ast-disable-related-posts":"","theme-transparent-header-meta":"default","adv-header-id-meta":"","stick-header-meta":"","header-above-stick-meta":"","header-main-stick-meta":"","header-below-stick-meta":"","astra-migrate-meta-layouts":"set","ast-page-background-enabled":"default","ast-page-background-meta":{"desktop":{"background-color":"var(--ast-global-color-4)","background-image":"","background-repeat":"repeat","background-position":"center center","background-size":"auto","background-attachment":"scroll","background-type":"","background-media":"","overlay-type":"","overlay-color":"","overlay-opacity":"","overlay-gradient":""},"tablet":{"background-color":"","background-image":"","background-repeat":"repeat","background-position":"center center","background-size":"auto","background-attachment":"scroll","background-type":"","background-media":"","overlay-type":"","overlay-color":"","overlay-opacity":"","overlay-gradient":""},"mobile":{"background-color":"","background-image":"","background-repeat":"repeat","background-position":"center center","background-size":"auto","background-attachment":"scroll","background-type":"","background-media":"","overlay-type":"","overlay-color":"","overlay-opacity":"","overlay-gradient":""}},"ast-content-background-meta":{"desktop":{"background-color":"var(--ast-global-color-5)","background-image":"","background-repeat":"repeat","background-position":"center center","background-size":"auto","background-attachment":"scroll","background-type":"","background-media":"","overlay-type":"","overlay-color":"","overlay-opacity":"","overlay-gradient":""},"tablet":{"background-color":"var(--ast-global-color-5)","background-image":"","background-repeat":"repeat","background-position":"center center","background-size":"auto","background-attachment":"scroll","background-type":"","background-media":"","overlay-type":"","overlay-color":"","overlay-opacity":"","overlay-gradient":""},"mobile":{"background-color":"var(--ast-global-color-5)","background-image":"","background-repeat":"repeat","background-position":"center center","background-size":"auto","background-attachment":"scroll","background-type":"","background-media":"","overlay-type":"","overlay-color":"","overlay-opacity":"","overlay-gradient":""}},"iawp_total_views":454,"footnotes":""},"class_list":["post-984","page","type-page","status-publish","hentry"],"uagb_featured_image_src":{"full":false,"thumbnail":false,"medium":false,"medium_large":false,"large":false,"1536x1536":false,"2048x2048":false},"uagb_author_info":{"display_name":"Guy Yhuel","author_link":"https:\/\/mgbb.fr\/index.php\/author\/guy-yhuel\/"},"uagb_comment_info":0,"uagb_excerpt":"L&rsquo;organisation sportive du club est assur\u00e9e par la commission sportive sous la responsabilit\u00e9 du bureau.Concr\u00e8tement, pour chaque \u00e9quipe, des cr\u00e9neaux d\u2019entra\u00eenement sont propos\u00e9s chaque semaine,et pour les comp\u00e9titions, elles sont sous la responsabilit\u00e9 d&rsquo;un manager.Cette organisation est compl\u00e9t\u00e9e par un parent r\u00e9f\u00e9rent qui est charg\u00e9 d&rsquo;assurer le lien entre le club, les parents, les entraineurs\u2026","_links":{"self":[{"href":"https:\/\/mgbb.fr\/index.php\/wp-json\/wp\/v2\/pages\/984","targetHints":{"allow":["GET"]}}],"collection":[{"href":"https:\/\/mgbb.fr\/index.php\/wp-json\/wp\/v2\/pages"}],"about":[{"href":"https:\/\/mgbb.fr\/index.php\/wp-json\/wp\/v2\/types\/page"}],"author":[{"embeddable":true,"href":"https:\/\/mgbb.fr\/index.php\/wp-json\/wp\/v2\/users\/3"}],"replies":[{"embeddable":true,"href":"https:\/\/mgbb.fr\/index.php\/wp-json\/wp\/v2\/comments?post=984"}],"version-history":[{"count":31,"href":"https:\/\/mgbb.fr\/index.php\/wp-json\/wp\/v2\/pages\/984\/revisions"}],"predecessor-version":[{"id":11444,"href":"https:\/\/mgbb.fr\/index.php\/wp-json\/wp\/v2\/pages\/984\/revisions\/11444"}],"wp:attachment":[{"href":"https:\/\/mgbb.fr\/index.php\/wp-json\/wp\/v2\/media?parent=984"}],"curies":[{"name":"wp","href":"https:\/\/api.w.org\/{rel}","templated":true}]}}