{"id":6117,"date":"2023-09-14T11:13:42","date_gmt":"2023-09-14T09:13:42","guid":{"rendered":"https:\/\/mgbb.fr\/?page_id=6117"},"modified":"2025-12-05T15:11:01","modified_gmt":"2025-12-05T14:11:01","slug":"loisirs-f","status":"publish","type":"page","link":"https:\/\/mgbb.fr\/index.php\/loisirs-f\/","title":{"rendered":"LOISIRS Filles"},"content":{"rendered":"\n<div class=\"wp-block-columns ticss-8150957a is-layout-flex wp-container-core-columns-is-layout-28f84493 wp-block-columns-is-layout-flex\">\n<div class=\"wp-block-column ticss-506ecb31 is-layout-flow wp-block-column-is-layout-flow\">\n<div id='gallery-1' class='gallery galleryid-6117 gallery-columns-3 gallery-size-thumbnail'><figure class='gallery-item'>\n\t\t\t<div class='gallery-icon portrait'>\n\t\t\t\t<a href='https:\/\/mgbb.fr\/20251204_eq_loisirs-f\/'><img loading=\"lazy\" decoding=\"async\" width=\"150\" height=\"150\" src=\"https:\/\/mgbb.fr\/wp-content\/uploads\/2025\/12\/20251204_EQ_Loisirs-F-150x150.jpg\" class=\"attachment-thumbnail size-thumbnail\" alt=\"\" \/><\/a>\n\t\t\t<\/div><\/figure>\n\t\t<\/div>\n\n\n\n\n<p><\/p>\n<\/div>\n\n\n\n<div class=\"wp-block-column is-layout-flow wp-block-column-is-layout-flow\">\n<h2 class=\"wp-block-heading\"><strong>Liens utiles<\/strong><\/h2>\n\n\n\n<p class=\"has-medium-font-size\"><a href=\"https:\/\/competitions.ffbb.com\/ligues\/pdl\/comites\/0044\/clubs\/pdl0044085\" target=\"_blank\" rel=\"noreferrer noopener\"><strong>ffbb.com<\/strong><\/a><br><a href=\"\/index.php\/encadrement-des-equipes\/\">Encadrement \u00e9quipes<\/a><br><a href=\"\/index.php\/entrainement\/\">Entra\u00eenements<\/a><\/p>\n<\/div>\n\n\n\n<div class=\"wp-block-column is-vertically-aligned-top is-layout-flow wp-block-column-is-layout-flow\">\n<h2 class=\"wp-block-heading has-text-align-left\"><strong>Derniers articles<\/strong><\/h2>\n\n\n<ul class=\"wp-block-latest-posts__list has-dates wp-block-latest-posts\"><li><a class=\"wp-block-latest-posts__post-title\" href=\"https:\/\/mgbb.fr\/index.php\/2026\/04\/26\/tournoi-du-carnaval-u7-u9-et-u13f\/\">Tournoi de FIN de SAISON<\/a><time datetime=\"2026-04-26T10:30:03+02:00\" class=\"wp-block-latest-posts__post-date\">26 avril 2026<\/time><\/li>\n<li><a class=\"wp-block-latest-posts__post-title\" href=\"https:\/\/mgbb.fr\/index.php\/2026\/04\/13\/le-mgbb-recrute\/\">Le MGBB recrute<\/a><time datetime=\"2026-04-13T09:53:33+02:00\" class=\"wp-block-latest-posts__post-date\">13 avril 2026<\/time><\/li>\n<li><a class=\"wp-block-latest-posts__post-title\" href=\"https:\/\/mgbb.fr\/index.php\/2026\/04\/02\/pre-inscription-2026-2027\/\">Pr\u00e9-inscription 2026-2027<\/a><time datetime=\"2026-04-02T17:30:19+02:00\" class=\"wp-block-latest-posts__post-date\">2 avril 2026<\/time><\/li>\n<li><a class=\"wp-block-latest-posts__post-title\" href=\"https:\/\/mgbb.fr\/index.php\/2026\/01\/12\/des-nouvelles-des-equipes\/\">Des nouvelles des \u00e9quipes<\/a><time datetime=\"2026-01-12T15:02:44+01:00\" class=\"wp-block-latest-posts__post-date\">12 janvier 2026<\/time><\/li>\n<li><a class=\"wp-block-latest-posts__post-title\" href=\"https:\/\/mgbb.fr\/index.php\/2025\/11\/17\/julien-perraud-et-les-seniors-r3\/\">Julien PERRAUD et les s\u00e9niors R3<\/a><time datetime=\"2025-11-17T09:15:37+01:00\" class=\"wp-block-latest-posts__post-date\">17 novembre 2025<\/time><\/li>\n<\/ul><\/div>\n<\/div>\n\n\n\n<div class=\"wp-block-columns ticss-38c0dfd3 is-layout-flex wp-container-core-columns-is-layout-28f84493 wp-block-columns-is-layout-flex\">\n<div class=\"wp-block-column is-layout-flow wp-block-column-is-layout-flow\">\n<div class=\"wp-block-columns is-layout-flex wp-container-core-columns-is-layout-28f84493 wp-block-columns-is-layout-flex\">\n<div class=\"wp-block-column is-layout-flow wp-block-column-is-layout-flow\">\n<p class=\"has-pale-pink-background-color has-background\"><strong>CALENDRIER DES RENCONTRES :<\/strong><\/p>\n\n\n\n<figure class=\"wp-block-table\"><table class=\"has-fixed-layout\"><tbody><tr><td>CHATEAU-THEBAUD<\/td><td>mardi 23 septembre 2025<\/td><td>Ext\u00e9rieur<\/td><\/tr><tr><td>GORGES<\/td><td>lundi 29 septembre 2025<\/td><td>Domicile<\/td><\/tr><tr><td>ASBGB BOUSSAY\/GETIGNE<\/td><td>mercredi 15 octobre 2025<\/td><td>Ext\u00e9rieur<\/td><\/tr><tr><td>ST PHILBERT DE GRAND-LIEU<\/td><td>lundi 6 octobre 2025<\/td><td>Domicile<\/td><\/tr><tr><td>LA CHEVROLIERE<\/td><td>lundi 3 novembre 2025<\/td><td>Domicile<\/td><\/tr><tr><td>PONT ST MARTIN<\/td><td>mercredi 19 novembre 2025<\/td><td>Ext\u00e9rieur<\/td><\/tr><tr><td>MAISDON SUR SEVRE<\/td><td>lundi 24 novembre 2025<\/td><td>Domicile<\/td><\/tr><tr><td>Nord Vend\u00e9e 2 Rocheservi\u00e8re<\/td><td>lundi 8 d\u00e9cembre 2025<\/td><td>Domicile<\/td><\/tr><tr><td>TREIZE-SEPTIERS<\/td><td>jeudi 18 d\u00e9cembre 2025<\/td><td>Ext\u00e9rieur<\/td><\/tr><tr><td>CLISSON<\/td><td>lundi 12 janvier 2026<\/td><td>Domicile<\/td><\/tr><tr><td>AIGREFEUILLE \/ REMOUILLE<\/td><td>jeudi 22 janvier 2026<\/td><td>Ext\u00e9rieur<\/td><\/tr><tr><td>CHATEAU-THEBAUD<\/td><td>lundi 2 f\u00e9vrier 2026<\/td><td>Domicile<\/td><\/tr><tr><td>GORGES<\/td><td>mardi 10 f\u00e9vrier 2026<\/td><td>Ext\u00e9rieur<\/td><\/tr><tr><td>ASBGB BOUSSAY\/GETIGNE<\/td><td>lundi 2 mars 2026<\/td><td>Domicile<\/td><\/tr><tr><td>ST PHILBERT DE GRAND-LIEU<\/td><td>mardi 10 mars 2026<\/td><td>Ext\u00e9rieur<\/td><\/tr><tr><td>LA CHEVROLIERE<\/td><td>mercredi 25 mars 2026<\/td><td>Ext\u00e9rieur<\/td><\/tr><tr><td>PONT ST MARTIN<\/td><td>lundi 30 mars 2026<\/td><td>Domicile<\/td><\/tr><tr><td>MAISDON SUR SEVRE<\/td><td>mardi 28 avril 2026<\/td><td>Ext\u00e9rieur<\/td><\/tr><tr><td>Nord Vend\u00e9e 2 Rocheservi\u00e8re<\/td><td>jeudi 7 mai 2026<\/td><td>Ext\u00e9rieur<\/td><\/tr><tr><td>TREIZE-SEPTIERS<\/td><td>lundi 18 mai 2026<\/td><td>Domicile<\/td><\/tr><tr><td>CLISSON<\/td><td>jeudi 4 juin 2026<\/td><td>Ext\u00e9rieur<\/td><\/tr><tr><td>AIGREFEUILLE \/ REMOUILLE<\/td><td>lundi 8 juin 2026<\/td><td>Domicile<\/td><\/tr><\/tbody><\/table><\/figure>\n<\/div>\n<\/div>\n<\/div>\n\n\n\n<div class=\"wp-block-column is-layout-flow wp-block-column-is-layout-flow\">\n<p class=\"has-light-green-cyan-background-color has-background\"><strong>ACTUALIT\u00c9 :<\/strong><br>xxxxx<br>xxxxx<br>xxxxx<br><\/p>\n<\/div>\n<\/div>\n\n\n\n<p><\/p>\n\n\n\n<p class=\"has-luminous-vivid-amber-background-color has-background\">PHOTOS &#8230;.<\/p>\n\n\n\n<p><\/p>\n","protected":false},"excerpt":{"rendered":"<p>Liens utiles ffbb.comEncadrement \u00e9quipesEntra\u00eenements Derniers articles CALENDRIER DES RENCONTRES : CHATEAU-THEBAUD mardi 23 septembre 2025 Ext\u00e9rieur GORGES lundi 29 septembre 2025 Domicile ASBGB BOUSSAY\/GETIGNE mercredi 15 octobre 2025 Ext\u00e9rieur ST PHILBERT DE GRAND-LIEU lundi 6 octobre 2025 Domicile LA CHEVROLIERE lundi 3 novembre 2025 Domicile PONT ST MARTIN mercredi 19 novembre 2025 Ext\u00e9rieur MAISDON SUR [&hellip;]<\/p>\n","protected":false},"author":3,"featured_media":0,"parent":0,"menu_order":0,"comment_status":"closed","ping_status":"closed","template":"","meta":{"_uag_custom_page_level_css":"","site-sidebar-layout":"default","site-content-layout":"default","ast-site-content-layout":"default","site-content-style":"default","site-sidebar-style":"default","ast-global-header-display":"","ast-banner-title-visibility":"","ast-main-header-display":"","ast-hfb-above-header-display":"","ast-hfb-below-header-display":"","ast-hfb-mobile-header-display":"","site-post-title":"","ast-breadcrumbs-content":"","ast-featured-img":"","footer-sml-layout":"","ast-disable-related-posts":"","theme-transparent-header-meta":"default","adv-header-id-meta":"","stick-header-meta":"","header-above-stick-meta":"","header-main-stick-meta":"","header-below-stick-meta":"","astra-migrate-meta-layouts":"set","ast-page-background-enabled":"default","ast-page-background-meta":{"desktop":{"background-color":"var(--ast-global-color-4)","background-image":"","background-repeat":"repeat","background-position":"center center","background-size":"auto","background-attachment":"scroll","background-type":"","background-media":"","overlay-type":"","overlay-color":"","overlay-opacity":"","overlay-gradient":""},"tablet":{"background-color":"","background-image":"","background-repeat":"repeat","background-position":"center center","background-size":"auto","background-attachment":"scroll","background-type":"","background-media":"","overlay-type":"","overlay-color":"","overlay-opacity":"","overlay-gradient":""},"mobile":{"background-color":"","background-image":"","background-repeat":"repeat","background-position":"center center","background-size":"auto","background-attachment":"scroll","background-type":"","background-media":"","overlay-type":"","overlay-color":"","overlay-opacity":"","overlay-gradient":""}},"ast-content-background-meta":{"desktop":{"background-color":"var(--ast-global-color-5)","background-image":"","background-repeat":"repeat","background-position":"center center","background-size":"auto","background-attachment":"scroll","background-type":"","background-media":"","overlay-type":"","overlay-color":"","overlay-opacity":"","overlay-gradient":""},"tablet":{"background-color":"var(--ast-global-color-5)","background-image":"","background-repeat":"repeat","background-position":"center center","background-size":"auto","background-attachment":"scroll","background-type":"","background-media":"","overlay-type":"","overlay-color":"","overlay-opacity":"","overlay-gradient":""},"mobile":{"background-color":"var(--ast-global-color-5)","background-image":"","background-repeat":"repeat","background-position":"center center","background-size":"auto","background-attachment":"scroll","background-type":"","background-media":"","overlay-type":"","overlay-color":"","overlay-opacity":"","overlay-gradient":""}},"iawp_total_views":128,"footnotes":""},"class_list":["post-6117","page","type-page","status-publish","hentry"],"uagb_featured_image_src":{"full":false,"thumbnail":false,"medium":false,"medium_large":false,"large":false,"1536x1536":false,"2048x2048":false},"uagb_author_info":{"display_name":"Guy Yhuel","author_link":"https:\/\/mgbb.fr\/index.php\/author\/guy-yhuel\/"},"uagb_comment_info":0,"uagb_excerpt":"Liens utiles ffbb.comEncadrement \u00e9quipesEntra\u00eenements Derniers articles CALENDRIER DES RENCONTRES : CHATEAU-THEBAUD mardi 23 septembre 2025 Ext\u00e9rieur GORGES lundi 29 septembre 2025 Domicile ASBGB BOUSSAY\/GETIGNE mercredi 15 octobre 2025 Ext\u00e9rieur ST PHILBERT DE GRAND-LIEU lundi 6 octobre 2025 Domicile LA CHEVROLIERE lundi 3 novembre 2025 Domicile PONT ST MARTIN mercredi 19 novembre 2025 Ext\u00e9rieur MAISDON SUR\u2026","_links":{"self":[{"href":"https:\/\/mgbb.fr\/index.php\/wp-json\/wp\/v2\/pages\/6117","targetHints":{"allow":["GET"]}}],"collection":[{"href":"https:\/\/mgbb.fr\/index.php\/wp-json\/wp\/v2\/pages"}],"about":[{"href":"https:\/\/mgbb.fr\/index.php\/wp-json\/wp\/v2\/types\/page"}],"author":[{"embeddable":true,"href":"https:\/\/mgbb.fr\/index.php\/wp-json\/wp\/v2\/users\/3"}],"replies":[{"embeddable":true,"href":"https:\/\/mgbb.fr\/index.php\/wp-json\/wp\/v2\/comments?post=6117"}],"version-history":[{"count":24,"href":"https:\/\/mgbb.fr\/index.php\/wp-json\/wp\/v2\/pages\/6117\/revisions"}],"predecessor-version":[{"id":11669,"href":"https:\/\/mgbb.fr\/index.php\/wp-json\/wp\/v2\/pages\/6117\/revisions\/11669"}],"wp:attachment":[{"href":"https:\/\/mgbb.fr\/index.php\/wp-json\/wp\/v2\/media?parent=6117"}],"curies":[{"name":"wp","href":"https:\/\/api.w.org\/{rel}","templated":true}]}}