{"id":462,"date":"2021-07-18T21:56:58","date_gmt":"2021-07-18T19:56:58","guid":{"rendered":"http:\/\/mgbb.fr\/?page_id=462"},"modified":"2026-01-23T14:09:38","modified_gmt":"2026-01-23T13:09:38","slug":"agenda-du-mgbb","status":"publish","type":"page","link":"https:\/\/mgbb.fr\/index.php\/agenda-du-mgbb\/","title":{"rendered":"Agenda du MGBB saison 2025-2026"},"content":{"rendered":"\n<ul class=\"wp-block-list\">\n<li class=\"has-medium-font-size\">Journ\u00e9e de rentr\u00e9e : samedi 13 septembre 2025au Bignon,<\/li>\n\n\n\n<li class=\"has-ast-global-color-0-color has-text-color has-link-color has-medium-font-size wp-elements-dd352d01700dc5e8f64bac41dae1b7b0\">stage de la Toussaint : du 20 au 24 octobre \u00e0 Montbert,<\/li>\n\n\n\n<li class=\"has-medium-font-size\">Tournoi Halloween : 25 octobre \u00e0 Montbert U11 et U13,<\/li>\n\n\n\n<li class=\"has-ast-global-color-0-color has-text-color has-link-color has-medium-font-size wp-elements-62989cad2874da3b0fd813eaac12446f\">Soir\u00e9e festive : 22 novembre au Bignon,<\/li>\n\n\n\n<li class=\"has-medium-font-size\">Mois de No\u00ebl : du 22 novembre au 19 d\u00e9cembre dans toutes les salles ,<\/li>\n\n\n\n<li class=\"has-ast-global-color-0-color has-text-color has-link-color has-medium-font-size wp-elements-3b9b613321a64bf13420714b231527a6\">Tournoi 3X3 : vendredi 19 d\u00e9cembre \u00e0 Montbert,<\/li>\n\n\n\n<li class=\"has-medium-font-size\">Sortie MGBB \u00e0 l&rsquo;Hermine : vendredi 30 janvier<\/li>\n\n\n\n<li class=\"has-ast-global-color-0-color has-text-color has-link-color has-medium-font-size wp-elements-b67fa3abd2e48f9b093a9bbe95366374\">stage de F\u00e9vrier : du 23 au 27 f\u00e9vrier \u00e0 Geneston,<\/li>\n\n\n\n<li class=\"has-ast-global-color-8-color has-text-color has-link-color has-medium-font-size wp-elements-40fccb7101012f0876f6e944d363f9b0\">Tournoi Carnaval : samedi 28 f\u00e9vrier \u00e0 Montbert U6-U7-U9 et U13 filles<\/li>\n\n\n\n<li class=\"has-ast-global-color-0-color has-text-color has-link-color has-medium-font-size wp-elements-4277c721172dcf4e008ddf7941384785\">Sortie MGBB \u00e0 l&rsquo;Hermine : mardi 7 avril<\/li>\n\n\n\n<li class=\"has-medium-font-size\">stage de P\u00e2ques : du 13 au 17 avril \u00e0 Geneston,<\/li>\n\n\n\n<li class=\"has-ast-global-color-0-color has-text-color has-link-color has-medium-font-size wp-elements-6693d9bb0a11fcb9fcff80d76e791861\">Vide grenier : dimanche 26 avril \u00e0 Geneston,<\/li>\n\n\n\n<li class=\"has-medium-font-size\">Tournoi des jeunes : dimanche 31 mai \u00e0 Geneston U15 et U18,<\/li>\n\n\n\n<li class=\"has-ast-global-color-0-color has-text-color has-link-color has-medium-font-size wp-elements-88645c8a86b3c6368d52efb7ddf22646\">Assembl\u00e9e g\u00e9n\u00e9rale : \u00e0 d\u00e9finir,<\/li>\n\n\n\n<li class=\"has-medium-font-size\">Stage \u00e9t\u00e9 : du 6 au 11 juillet lieu \u00e0 d\u00e9finir<\/li>\n\n\n\n<li class=\"has-medium-font-size\">Journ\u00e9e de rentr\u00e9e,  samedi 5 septembre 2026 salle de Montbert <\/li>\n<\/ul>\n\n\n\n<p><\/p>\n","protected":false},"excerpt":{"rendered":"","protected":false},"author":3,"featured_media":0,"parent":0,"menu_order":0,"comment_status":"closed","ping_status":"closed","template":"","meta":{"_uag_custom_page_level_css":"","site-sidebar-layout":"default","site-content-layout":"default","ast-site-content-layout":"default","site-content-style":"default","site-sidebar-style":"default","ast-global-header-display":"","ast-banner-title-visibility":"","ast-main-header-display":"","ast-hfb-above-header-display":"","ast-hfb-below-header-display":"","ast-hfb-mobile-header-display":"","site-post-title":"","ast-breadcrumbs-content":"","ast-featured-img":"","footer-sml-layout":"","ast-disable-related-posts":"","theme-transparent-header-meta":"default","adv-header-id-meta":"","stick-header-meta":"","header-above-stick-meta":"","header-main-stick-meta":"","header-below-stick-meta":"","astra-migrate-meta-layouts":"set","ast-page-background-enabled":"default","ast-page-background-meta":{"desktop":{"background-color":"var(--ast-global-color-4)","background-image":"","background-repeat":"repeat","background-position":"center center","background-size":"auto","background-attachment":"scroll","background-type":"","background-media":"","overlay-type":"","overlay-color":"","overlay-opacity":"","overlay-gradient":""},"tablet":{"background-color":"","background-image":"","background-repeat":"repeat","background-position":"center center","background-size":"auto","background-attachment":"scroll","background-type":"","background-media":"","overlay-type":"","overlay-color":"","overlay-opacity":"","overlay-gradient":""},"mobile":{"background-color":"","background-image":"","background-repeat":"repeat","background-position":"center center","background-size":"auto","background-attachment":"scroll","background-type":"","background-media":"","overlay-type":"","overlay-color":"","overlay-opacity":"","overlay-gradient":""}},"ast-content-background-meta":{"desktop":{"background-color":"var(--ast-global-color-5)","background-image":"","background-repeat":"repeat","background-position":"center center","background-size":"auto","background-attachment":"scroll","background-type":"","background-media":"","overlay-type":"","overlay-color":"","overlay-opacity":"","overlay-gradient":""},"tablet":{"background-color":"var(--ast-global-color-5)","background-image":"","background-repeat":"repeat","background-position":"center center","background-size":"auto","background-attachment":"scroll","background-type":"","background-media":"","overlay-type":"","overlay-color":"","overlay-opacity":"","overlay-gradient":""},"mobile":{"background-color":"var(--ast-global-color-5)","background-image":"","background-repeat":"repeat","background-position":"center center","background-size":"auto","background-attachment":"scroll","background-type":"","background-media":"","overlay-type":"","overlay-color":"","overlay-opacity":"","overlay-gradient":""}},"iawp_total_views":307,"footnotes":""},"class_list":["post-462","page","type-page","status-publish","hentry"],"uagb_featured_image_src":{"full":false,"thumbnail":false,"medium":false,"medium_large":false,"large":false,"1536x1536":false,"2048x2048":false},"uagb_author_info":{"display_name":"Guy Yhuel","author_link":"https:\/\/mgbb.fr\/index.php\/author\/guy-yhuel\/"},"uagb_comment_info":0,"uagb_excerpt":null,"_links":{"self":[{"href":"https:\/\/mgbb.fr\/index.php\/wp-json\/wp\/v2\/pages\/462","targetHints":{"allow":["GET"]}}],"collection":[{"href":"https:\/\/mgbb.fr\/index.php\/wp-json\/wp\/v2\/pages"}],"about":[{"href":"https:\/\/mgbb.fr\/index.php\/wp-json\/wp\/v2\/types\/page"}],"author":[{"embeddable":true,"href":"https:\/\/mgbb.fr\/index.php\/wp-json\/wp\/v2\/users\/3"}],"replies":[{"embeddable":true,"href":"https:\/\/mgbb.fr\/index.php\/wp-json\/wp\/v2\/comments?post=462"}],"version-history":[{"count":39,"href":"https:\/\/mgbb.fr\/index.php\/wp-json\/wp\/v2\/pages\/462\/revisions"}],"predecessor-version":[{"id":11880,"href":"https:\/\/mgbb.fr\/index.php\/wp-json\/wp\/v2\/pages\/462\/revisions\/11880"}],"wp:attachment":[{"href":"https:\/\/mgbb.fr\/index.php\/wp-json\/wp\/v2\/media?parent=462"}],"curies":[{"name":"wp","href":"https:\/\/api.w.org\/{rel}","templated":true}]}}