{"id":434,"date":"2021-07-18T16:27:19","date_gmt":"2021-07-18T14:27:19","guid":{"rendered":"http:\/\/mgbb.fr\/?page_id=434"},"modified":"2021-07-18T17:59:15","modified_gmt":"2021-07-18T15:59:15","slug":"presentation","status":"publish","type":"page","link":"https:\/\/mgbb.fr\/index.php\/presentation\/","title":{"rendered":"Informations pratiques"},"content":{"rendered":"\n<p class=\"has-cyan-bluish-gray-background-color has-background has-medium-font-size\">Retrouvez ici, toutes les informations pratiques pour bien vivre la pratique du basket au sein du club.<br>A destination des enfants et des parents.<\/p>\n\n\n\n\t\t\t<div class=\"wp-block-uagb-post-masonry uagb-post-grid  uagb-post__image-position-top uagb-post__image-enabled uagb-block-f491e6ec     uagb-post__items uagb-post__columns-3 is-masonry uagb-post__columns-tablet-2 uagb-post__columns-mobile-1\" data-total=\"1\" style=\"\">\n\n\t\t\t\t\t\t\t\t\t\t\t\t<article class=\"uagb-post__inner-wrap\">\t\t\t\t\t\t\t\t<div class='uagb-post__image'>\n\t\t\t\t\t\t\t\t\t<a href=\"https:\/\/mgbb.fr\/index.php\/2025\/11\/12\/le-guide-pratique-du-licencie-au-mgbb\/\" target=\"_self\" rel=\"bookmark noopener noreferrer\"><img loading=\"lazy\" decoding=\"async\" width=\"600\" height=\"354\" src=\"https:\/\/mgbb.fr\/wp-content\/uploads\/2021\/07\/20210719_pm2.jpg\" class=\"attachment-large size-large\" alt=\"\" srcset=\"https:\/\/mgbb.fr\/wp-content\/uploads\/2021\/07\/20210719_pm2.jpg 600w, https:\/\/mgbb.fr\/wp-content\/uploads\/2021\/07\/20210719_pm2-300x177.jpg 300w\" sizes=\"auto, (max-width: 600px) 100vw, 600px\" \/>\t\t\t\t\t<\/a>\n\t\t\t\t\t\t\t\t\t<\/div>\n\t\t\t\t\t\t<h4 class=\"uagb-post__title uagb-post__text\">\n\t\t\t\t<a href=\"https:\/\/mgbb.fr\/index.php\/2025\/11\/12\/le-guide-pratique-du-licencie-au-mgbb\/\" target=\"_self\" rel=\"bookmark noopener noreferrer\">Le guide pratique du licenci\u00e9 au MGBB<\/a>\n\t\t\t<\/h4>\n\t\t\t\t\t\t<div class='uagb-post__text uagb-post-grid-byline'>\n\t\t\t\t\t\t\t\t<time datetime=\"2025-11-12T15:44:13+01:00\" class=\"uagb-post__date\">\n\t\t\t\t<span class=\"dashicons-calendar dashicons\"><\/span>\t\t\t\t\t12 novembre 2025\t\t\t\t<\/time>\n\t\t\t\t\t\t\t<span class=\"uagb-post__comment\">\n\t\t\t\t<span class=\"dashicons-admin-comments dashicons\"><\/span>\t\t\t\t\tAucun commentaire\t\t\t\t<\/span>\n\t\t\t\t\t\t<\/div>\n\t\t\t\t\t\t\t<div class='uagb-post__text uagb-post__excerpt'>\n\t\t\t\t\t<p>Vous \u00eates nouveau dans le club et vous ne savez rien de son fonctionnementou d\u00e9j\u00e0&#8230;\t\t\t\t<\/div>\n\t\t\t\t\t\t<div class=\"uagb-post__text uagb-post__cta wp-block-button\">\n\t\t\t\t<a class=\"wp-block-button__link uagb-text-link\" style=\"\" href=\"https:\/\/mgbb.fr\/index.php\/2025\/11\/12\/le-guide-pratique-du-licencie-au-mgbb\/\" target=\"_self\" rel=\"bookmark noopener noreferrer\">Lire la suite<\/a>\n\t\t\t<\/div>\n\t\t\t\n\t\t\t\t\t\t\t\t\t<\/article>\n\t\t\t\t\t\t\t\t\t\t\t\t\t\t\t\t<article class=\"uagb-post__inner-wrap\">\t\t\t\t\t\t\t\t<div class='uagb-post__image'>\n\t\t\t\t\t\t\t\t\t<a href=\"https:\/\/mgbb.fr\/index.php\/2025\/09\/14\/regles-de-vie-a-lentrainement\/\" target=\"_self\" rel=\"bookmark noopener noreferrer\"><img loading=\"lazy\" decoding=\"async\" width=\"746\" height=\"330\" src=\"https:\/\/mgbb.fr\/wp-content\/uploads\/2021\/07\/20210719_pm1.jpg\" class=\"attachment-large size-large\" alt=\"\" srcset=\"https:\/\/mgbb.fr\/wp-content\/uploads\/2021\/07\/20210719_pm1.jpg 746w, https:\/\/mgbb.fr\/wp-content\/uploads\/2021\/07\/20210719_pm1-300x133.jpg 300w\" sizes=\"auto, (max-width: 746px) 100vw, 746px\" \/>\t\t\t\t\t<\/a>\n\t\t\t\t\t\t\t\t\t<\/div>\n\t\t\t\t\t\t<h4 class=\"uagb-post__title uagb-post__text\">\n\t\t\t\t<a href=\"https:\/\/mgbb.fr\/index.php\/2025\/09\/14\/regles-de-vie-a-lentrainement\/\" target=\"_self\" rel=\"bookmark noopener noreferrer\">R\u00e8gles de vie \u00e0 l\u2019entra\u00eenement<\/a>\n\t\t\t<\/h4>\n\t\t\t\t\t\t<div class='uagb-post__text uagb-post-grid-byline'>\n\t\t\t\t\t\t\t\t<time datetime=\"2025-09-14T18:22:28+02:00\" class=\"uagb-post__date\">\n\t\t\t\t<span class=\"dashicons-calendar dashicons\"><\/span>\t\t\t\t\t14 septembre 2025\t\t\t\t<\/time>\n\t\t\t\t\t\t\t<span class=\"uagb-post__comment\">\n\t\t\t\t<span class=\"dashicons-admin-comments dashicons\"><\/span>\t\t\t\t\tAucun commentaire\t\t\t\t<\/span>\n\t\t\t\t\t\t<\/div>\n\t\t\t\t\t\t\t<div class='uagb-post__text uagb-post__excerpt'>\n\t\t\t\t\t<p>Rien de sorcier, mais des rappels de principes qui ont pour but de faciliter la&#8230;\t\t\t\t<\/div>\n\t\t\t\t\t\t<div class=\"uagb-post__text uagb-post__cta wp-block-button\">\n\t\t\t\t<a class=\"wp-block-button__link uagb-text-link\" style=\"\" href=\"https:\/\/mgbb.fr\/index.php\/2025\/09\/14\/regles-de-vie-a-lentrainement\/\" target=\"_self\" rel=\"bookmark noopener noreferrer\">Lire la suite<\/a>\n\t\t\t<\/div>\n\t\t\t\n\t\t\t\t\t\t\t\t\t<\/article>\n\t\t\t\t\t\t\t\t\t\t\t\t\t\t\t\t<article class=\"uagb-post__inner-wrap\">\t\t\t\t\t\t\t\t<div class='uagb-post__image'>\n\t\t\t\t\t\t\t\t\t<a href=\"https:\/\/mgbb.fr\/index.php\/2025\/09\/01\/larbitrage-et-les-regles-du-basket-ball\/\" target=\"_self\" rel=\"bookmark noopener noreferrer\"><img loading=\"lazy\" decoding=\"async\" width=\"831\" height=\"1024\" src=\"https:\/\/mgbb.fr\/wp-content\/uploads\/2025\/03\/20250322_Japprends_a_siffler-831x1024.jpg\" class=\"attachment-large size-large\" alt=\"\" srcset=\"https:\/\/mgbb.fr\/wp-content\/uploads\/2025\/03\/20250322_Japprends_a_siffler-831x1024.jpg 831w, https:\/\/mgbb.fr\/wp-content\/uploads\/2025\/03\/20250322_Japprends_a_siffler-244x300.jpg 244w, https:\/\/mgbb.fr\/wp-content\/uploads\/2025\/03\/20250322_Japprends_a_siffler-768x946.jpg 768w, https:\/\/mgbb.fr\/wp-content\/uploads\/2025\/03\/20250322_Japprends_a_siffler.jpg 1200w\" sizes=\"auto, (max-width: 831px) 100vw, 831px\" \/>\t\t\t\t\t<\/a>\n\t\t\t\t\t\t\t\t\t<\/div>\n\t\t\t\t\t\t<h4 class=\"uagb-post__title uagb-post__text\">\n\t\t\t\t<a href=\"https:\/\/mgbb.fr\/index.php\/2025\/09\/01\/larbitrage-et-les-regles-du-basket-ball\/\" target=\"_self\" rel=\"bookmark noopener noreferrer\">L&rsquo;arbitrage et les r\u00e8gles du basket ball<\/a>\n\t\t\t<\/h4>\n\t\t\t\t\t\t<div class='uagb-post__text uagb-post-grid-byline'>\n\t\t\t\t\t\t\t\t<time datetime=\"2025-09-01T15:43:10+02:00\" class=\"uagb-post__date\">\n\t\t\t\t<span class=\"dashicons-calendar dashicons\"><\/span>\t\t\t\t\t1 septembre 2025\t\t\t\t<\/time>\n\t\t\t\t\t\t\t<span class=\"uagb-post__comment\">\n\t\t\t\t<span class=\"dashicons-admin-comments dashicons\"><\/span>\t\t\t\t\tAucun commentaire\t\t\t\t<\/span>\n\t\t\t\t\t\t<\/div>\n\t\t\t\t\t\t\t<div class='uagb-post__text uagb-post__excerpt'>\n\t\t\t\t\t<p>L&rsquo;arbitrage fait partie de la panoplie de tout joueur de basket et donc de tout&#8230;\t\t\t\t<\/div>\n\t\t\t\t\t\t<div class=\"uagb-post__text uagb-post__cta wp-block-button\">\n\t\t\t\t<a class=\"wp-block-button__link uagb-text-link\" style=\"\" href=\"https:\/\/mgbb.fr\/index.php\/2025\/09\/01\/larbitrage-et-les-regles-du-basket-ball\/\" target=\"_self\" rel=\"bookmark noopener noreferrer\">Lire la suite<\/a>\n\t\t\t<\/div>\n\t\t\t\n\t\t\t\t\t\t\t\t\t<\/article>\n\t\t\t\t\t\t\t\t\t\t\t\t\t\t\t\t<article class=\"uagb-post__inner-wrap\">\t\t\t\t\t\t\t\t<div class='uagb-post__image'>\n\t\t\t\t\t\t\t\t\t<a href=\"https:\/\/mgbb.fr\/index.php\/2025\/05\/29\/inscription-au-mgbb\/\" target=\"_self\" rel=\"bookmark noopener noreferrer\"><img loading=\"lazy\" decoding=\"async\" width=\"1024\" height=\"589\" src=\"https:\/\/mgbb.fr\/wp-content\/uploads\/2023\/05\/20230609_inscription2-1024x589.jpg\" class=\"attachment-large size-large\" alt=\"\" srcset=\"https:\/\/mgbb.fr\/wp-content\/uploads\/2023\/05\/20230609_inscription2-1024x589.jpg 1024w, https:\/\/mgbb.fr\/wp-content\/uploads\/2023\/05\/20230609_inscription2-300x173.jpg 300w, https:\/\/mgbb.fr\/wp-content\/uploads\/2023\/05\/20230609_inscription2-768x442.jpg 768w, https:\/\/mgbb.fr\/wp-content\/uploads\/2023\/05\/20230609_inscription2.jpg 1200w\" sizes=\"auto, (max-width: 1024px) 100vw, 1024px\" \/>\t\t\t\t\t<\/a>\n\t\t\t\t\t\t\t\t\t<\/div>\n\t\t\t\t\t\t<h4 class=\"uagb-post__title uagb-post__text\">\n\t\t\t\t<a href=\"https:\/\/mgbb.fr\/index.php\/2025\/05\/29\/inscription-au-mgbb\/\" target=\"_self\" rel=\"bookmark noopener noreferrer\">Inscription au MGBB<\/a>\n\t\t\t<\/h4>\n\t\t\t\t\t\t<div class='uagb-post__text uagb-post-grid-byline'>\n\t\t\t\t\t\t\t\t<time datetime=\"2025-05-29T08:16:54+02:00\" class=\"uagb-post__date\">\n\t\t\t\t<span class=\"dashicons-calendar dashicons\"><\/span>\t\t\t\t\t29 mai 2025\t\t\t\t<\/time>\n\t\t\t\t\t\t\t<span class=\"uagb-post__comment\">\n\t\t\t\t<span class=\"dashicons-admin-comments dashicons\"><\/span>\t\t\t\t\tAucun commentaire\t\t\t\t<\/span>\n\t\t\t\t\t\t<\/div>\n\t\t\t\t\t\t\t<div class='uagb-post__text uagb-post__excerpt'>\n\t\t\t\t\t<p>Pour une nouvelle inscription au club, je communique mes coordonn\u00e9es (nom, pr\u00e9nom, mail(s) et date&#8230;\t\t\t\t<\/div>\n\t\t\t\t\t\t<div class=\"uagb-post__text uagb-post__cta wp-block-button\">\n\t\t\t\t<a class=\"wp-block-button__link uagb-text-link\" style=\"\" href=\"https:\/\/mgbb.fr\/index.php\/2025\/05\/29\/inscription-au-mgbb\/\" target=\"_self\" rel=\"bookmark noopener noreferrer\">Lire la suite<\/a>\n\t\t\t<\/div>\n\t\t\t\n\t\t\t\t\t\t\t\t\t<\/article>\n\t\t\t\t\t\t\t\t\t\t\t\t\t\t\t\t<article class=\"uagb-post__inner-wrap\">\t\t\t\t\t\t\t\t<div class='uagb-post__image'>\n\t\t\t\t\t\t\t\t\t<a href=\"https:\/\/mgbb.fr\/index.php\/2024\/09\/25\/rappel-tenue-des-permanences\/\" target=\"_self\" rel=\"bookmark noopener noreferrer\"><img loading=\"lazy\" decoding=\"async\" width=\"1024\" height=\"512\" src=\"https:\/\/mgbb.fr\/wp-content\/uploads\/2021\/07\/infos_pratiques-1024x512.jpg\" class=\"attachment-large size-large\" alt=\"\" srcset=\"https:\/\/mgbb.fr\/wp-content\/uploads\/2021\/07\/infos_pratiques-1024x512.jpg 1024w, https:\/\/mgbb.fr\/wp-content\/uploads\/2021\/07\/infos_pratiques-300x150.jpg 300w, https:\/\/mgbb.fr\/wp-content\/uploads\/2021\/07\/infos_pratiques-768x384.jpg 768w, https:\/\/mgbb.fr\/wp-content\/uploads\/2021\/07\/infos_pratiques.jpg 1200w\" sizes=\"auto, (max-width: 1024px) 100vw, 1024px\" \/>\t\t\t\t\t<\/a>\n\t\t\t\t\t\t\t\t\t<\/div>\n\t\t\t\t\t\t<h4 class=\"uagb-post__title uagb-post__text\">\n\t\t\t\t<a href=\"https:\/\/mgbb.fr\/index.php\/2024\/09\/25\/rappel-tenue-des-permanences\/\" target=\"_self\" rel=\"bookmark noopener noreferrer\">Tenue des permanences<\/a>\n\t\t\t<\/h4>\n\t\t\t\t\t\t<div class='uagb-post__text uagb-post-grid-byline'>\n\t\t\t\t\t\t\t\t<time datetime=\"2024-09-25T11:24:32+02:00\" class=\"uagb-post__date\">\n\t\t\t\t<span class=\"dashicons-calendar dashicons\"><\/span>\t\t\t\t\t25 septembre 2024\t\t\t\t<\/time>\n\t\t\t\t\t\t\t<span class=\"uagb-post__comment\">\n\t\t\t\t<span class=\"dashicons-admin-comments dashicons\"><\/span>\t\t\t\t\tAucun commentaire\t\t\t\t<\/span>\n\t\t\t\t\t\t<\/div>\n\t\t\t\t\t\t\t<div class='uagb-post__text uagb-post__excerpt'>\n\t\t\t\t\t<p>Pour pouvoir fonctionner chaque week-end, le club a besoin de certains d&rsquo;entre vous pour tenir&#8230;\t\t\t\t<\/div>\n\t\t\t\t\t\t<div class=\"uagb-post__text uagb-post__cta wp-block-button\">\n\t\t\t\t<a class=\"wp-block-button__link uagb-text-link\" style=\"\" href=\"https:\/\/mgbb.fr\/index.php\/2024\/09\/25\/rappel-tenue-des-permanences\/\" target=\"_self\" rel=\"bookmark noopener noreferrer\">Lire la suite<\/a>\n\t\t\t<\/div>\n\t\t\t\n\t\t\t\t\t\t\t\t\t<\/article>\n\t\t\t\t\t\t\t\t\t\t\t\t\t\t\t\t<article class=\"uagb-post__inner-wrap\">\t\t\t\t\t\t\t\t<div class='uagb-post__image'>\n\t\t\t\t\t\t\t\t\t<a href=\"https:\/\/mgbb.fr\/index.php\/2024\/08\/25\/code-de-bonne-conduite-du-mgbb\/\" target=\"_self\" rel=\"bookmark noopener noreferrer\"><img loading=\"lazy\" decoding=\"async\" width=\"927\" height=\"541\" src=\"https:\/\/mgbb.fr\/wp-content\/uploads\/2023\/09\/MGBB_Smiley_Ballon_paysage.jpg\" class=\"attachment-large size-large\" alt=\"\" srcset=\"https:\/\/mgbb.fr\/wp-content\/uploads\/2023\/09\/MGBB_Smiley_Ballon_paysage.jpg 927w, https:\/\/mgbb.fr\/wp-content\/uploads\/2023\/09\/MGBB_Smiley_Ballon_paysage-300x175.jpg 300w, https:\/\/mgbb.fr\/wp-content\/uploads\/2023\/09\/MGBB_Smiley_Ballon_paysage-768x448.jpg 768w\" sizes=\"auto, (max-width: 927px) 100vw, 927px\" \/>\t\t\t\t\t<\/a>\n\t\t\t\t\t\t\t\t\t<\/div>\n\t\t\t\t\t\t<h4 class=\"uagb-post__title uagb-post__text\">\n\t\t\t\t<a href=\"https:\/\/mgbb.fr\/index.php\/2024\/08\/25\/code-de-bonne-conduite-du-mgbb\/\" target=\"_self\" rel=\"bookmark noopener noreferrer\">Charte de bonne conduite du MGBB<\/a>\n\t\t\t<\/h4>\n\t\t\t\t\t\t<div class='uagb-post__text uagb-post-grid-byline'>\n\t\t\t\t\t\t\t\t<time datetime=\"2024-08-25T12:51:33+02:00\" class=\"uagb-post__date\">\n\t\t\t\t<span class=\"dashicons-calendar dashicons\"><\/span>\t\t\t\t\t25 ao\u00fbt 2024\t\t\t\t<\/time>\n\t\t\t\t\t\t\t<span class=\"uagb-post__comment\">\n\t\t\t\t<span class=\"dashicons-admin-comments dashicons\"><\/span>\t\t\t\t\tAucun commentaire\t\t\t\t<\/span>\n\t\t\t\t\t\t<\/div>\n\t\t\t\t\t\t\t<div class='uagb-post__text uagb-post__excerpt'>\n\t\t\t\t\t<p>Le club officialise sa nouvelle charte de bonne conduite que chaque joueurs et sa famille&#8230;\t\t\t\t<\/div>\n\t\t\t\t\t\t<div class=\"uagb-post__text uagb-post__cta wp-block-button\">\n\t\t\t\t<a class=\"wp-block-button__link uagb-text-link\" style=\"\" href=\"https:\/\/mgbb.fr\/index.php\/2024\/08\/25\/code-de-bonne-conduite-du-mgbb\/\" target=\"_self\" rel=\"bookmark noopener noreferrer\">Lire la suite<\/a>\n\t\t\t<\/div>\n\t\t\t\n\t\t\t\t\t\t\t\t\t<\/article>\n\t\t\t\t\t\t\t\t\t\t\t\t\t\t\t\t<article class=\"uagb-post__inner-wrap\">\t\t\t\t\t\t\t\t<h4 class=\"uagb-post__title uagb-post__text\">\n\t\t\t\t<a href=\"https:\/\/mgbb.fr\/index.php\/2023\/05\/24\/reglement-interieur-de-mgb-basket\/\" target=\"_self\" rel=\"bookmark noopener noreferrer\">R\u00e8glement int\u00e9rieur du club<\/a>\n\t\t\t<\/h4>\n\t\t\t\t\t\t<div class='uagb-post__text uagb-post-grid-byline'>\n\t\t\t\t\t\t\t\t<time datetime=\"2023-05-24T22:19:04+02:00\" class=\"uagb-post__date\">\n\t\t\t\t<span class=\"dashicons-calendar dashicons\"><\/span>\t\t\t\t\t24 mai 2023\t\t\t\t<\/time>\n\t\t\t\t\t\t\t<span class=\"uagb-post__comment\">\n\t\t\t\t<span class=\"dashicons-admin-comments dashicons\"><\/span>\t\t\t\t\tAucun commentaire\t\t\t\t<\/span>\n\t\t\t\t\t\t<\/div>\n\t\t\t\t\t\t\t<div class='uagb-post__text uagb-post__excerpt'>\n\t\t\t\t\t\t\t\t\t<\/div>\n\t\t\t\t\t\t<div class=\"uagb-post__text uagb-post__cta wp-block-button\">\n\t\t\t\t<a class=\"wp-block-button__link uagb-text-link\" style=\"\" href=\"https:\/\/mgbb.fr\/index.php\/2023\/05\/24\/reglement-interieur-de-mgb-basket\/\" target=\"_self\" rel=\"bookmark noopener noreferrer\">Lire la suite<\/a>\n\t\t\t<\/div>\n\t\t\t\n\t\t\t\t\t\t\t\t\t<\/article>\n\t\t\t\t\t\t\t\t\t\t\t\t\t\t\t\t<article class=\"uagb-post__inner-wrap\">\t\t\t\t\t\t\t\t<h4 class=\"uagb-post__title uagb-post__text\">\n\t\t\t\t<a href=\"https:\/\/mgbb.fr\/index.php\/2021\/07\/18\/declaration-daccident\/\" target=\"_self\" rel=\"bookmark noopener noreferrer\">D\u00e9claration d&rsquo;accident<\/a>\n\t\t\t<\/h4>\n\t\t\t\t\t\t<div class='uagb-post__text uagb-post-grid-byline'>\n\t\t\t\t\t\t\t\t<time datetime=\"2021-07-18T15:46:51+02:00\" class=\"uagb-post__date\">\n\t\t\t\t<span class=\"dashicons-calendar dashicons\"><\/span>\t\t\t\t\t18 juillet 2021\t\t\t\t<\/time>\n\t\t\t\t\t\t\t<span class=\"uagb-post__comment\">\n\t\t\t\t<span class=\"dashicons-admin-comments dashicons\"><\/span>\t\t\t\t\tAucun commentaire\t\t\t\t<\/span>\n\t\t\t\t\t\t<\/div>\n\t\t\t\t\t\t\t<div class='uagb-post__text uagb-post__excerpt'>\n\t\t\t\t\t<p>En cas d&rsquo;accident survenu \u00e0 l&rsquo;occasion d&rsquo;une activit\u00e9 organis\u00e9e par le MGBB, si vous avez&#8230;\t\t\t\t<\/div>\n\t\t\t\t\t\t<div class=\"uagb-post__text uagb-post__cta wp-block-button\">\n\t\t\t\t<a class=\"wp-block-button__link uagb-text-link\" style=\"\" href=\"https:\/\/mgbb.fr\/index.php\/2021\/07\/18\/declaration-daccident\/\" target=\"_self\" rel=\"bookmark noopener noreferrer\">Lire la suite<\/a>\n\t\t\t<\/div>\n\t\t\t\n\t\t\t\t\t\t\t\t\t<\/article>\n\t\t\t\t\t\t\t\t\t\t\t<\/div>\n\t\t\t","protected":false},"excerpt":{"rendered":"<p>Retrouvez ici, toutes les informations pratiques pour bien vivre la pratique du basket au sein du club.A destination des enfants et des parents.<\/p>\n","protected":false},"author":3,"featured_media":0,"parent":0,"menu_order":0,"comment_status":"closed","ping_status":"closed","template":"","meta":{"_uag_custom_page_level_css":"","site-sidebar-layout":"default","site-content-layout":"default","ast-site-content-layout":"default","site-content-style":"default","site-sidebar-style":"default","ast-global-header-display":"","ast-banner-title-visibility":"","ast-main-header-display":"","ast-hfb-above-header-display":"","ast-hfb-below-header-display":"","ast-hfb-mobile-header-display":"","site-post-title":"","ast-breadcrumbs-content":"","ast-featured-img":"","footer-sml-layout":"","ast-disable-related-posts":"","theme-transparent-header-meta":"default","adv-header-id-meta":"","stick-header-meta":"","header-above-stick-meta":"","header-main-stick-meta":"","header-below-stick-meta":"","astra-migrate-meta-layouts":"default","ast-page-background-enabled":"default","ast-page-background-meta":{"desktop":{"background-color":"var(--ast-global-color-4)","background-image":"","background-repeat":"repeat","background-position":"center center","background-size":"auto","background-attachment":"scroll","background-type":"","background-media":"","overlay-type":"","overlay-color":"","overlay-opacity":"","overlay-gradient":""},"tablet":{"background-color":"","background-image":"","background-repeat":"repeat","background-position":"center center","background-size":"auto","background-attachment":"scroll","background-type":"","background-media":"","overlay-type":"","overlay-color":"","overlay-opacity":"","overlay-gradient":""},"mobile":{"background-color":"","background-image":"","background-repeat":"repeat","background-position":"center center","background-size":"auto","background-attachment":"scroll","background-type":"","background-media":"","overlay-type":"","overlay-color":"","overlay-opacity":"","overlay-gradient":""}},"ast-content-background-meta":{"desktop":{"background-color":"var(--ast-global-color-5)","background-image":"","background-repeat":"repeat","background-position":"center center","background-size":"auto","background-attachment":"scroll","background-type":"","background-media":"","overlay-type":"","overlay-color":"","overlay-opacity":"","overlay-gradient":""},"tablet":{"background-color":"var(--ast-global-color-5)","background-image":"","background-repeat":"repeat","background-position":"center center","background-size":"auto","background-attachment":"scroll","background-type":"","background-media":"","overlay-type":"","overlay-color":"","overlay-opacity":"","overlay-gradient":""},"mobile":{"background-color":"var(--ast-global-color-5)","background-image":"","background-repeat":"repeat","background-position":"center center","background-size":"auto","background-attachment":"scroll","background-type":"","background-media":"","overlay-type":"","overlay-color":"","overlay-opacity":"","overlay-gradient":""}},"iawp_total_views":186,"footnotes":""},"class_list":["post-434","page","type-page","status-publish","hentry"],"uagb_featured_image_src":{"full":false,"thumbnail":false,"medium":false,"medium_large":false,"large":false,"1536x1536":false,"2048x2048":false},"uagb_author_info":{"display_name":"Guy Yhuel","author_link":"https:\/\/mgbb.fr\/index.php\/author\/guy-yhuel\/"},"uagb_comment_info":0,"uagb_excerpt":"Retrouvez ici, toutes les informations pratiques pour bien vivre la pratique du basket au sein du club.A destination des enfants et des parents.","_links":{"self":[{"href":"https:\/\/mgbb.fr\/index.php\/wp-json\/wp\/v2\/pages\/434","targetHints":{"allow":["GET"]}}],"collection":[{"href":"https:\/\/mgbb.fr\/index.php\/wp-json\/wp\/v2\/pages"}],"about":[{"href":"https:\/\/mgbb.fr\/index.php\/wp-json\/wp\/v2\/types\/page"}],"author":[{"embeddable":true,"href":"https:\/\/mgbb.fr\/index.php\/wp-json\/wp\/v2\/users\/3"}],"replies":[{"embeddable":true,"href":"https:\/\/mgbb.fr\/index.php\/wp-json\/wp\/v2\/comments?post=434"}],"version-history":[{"count":3,"href":"https:\/\/mgbb.fr\/index.php\/wp-json\/wp\/v2\/pages\/434\/revisions"}],"predecessor-version":[{"id":437,"href":"https:\/\/mgbb.fr\/index.php\/wp-json\/wp\/v2\/pages\/434\/revisions\/437"}],"wp:attachment":[{"href":"https:\/\/mgbb.fr\/index.php\/wp-json\/wp\/v2\/media?parent=434"}],"curies":[{"name":"wp","href":"https:\/\/api.w.org\/{rel}","templated":true}]}}