{"id":311,"date":"2021-07-17T22:25:54","date_gmt":"2021-07-17T20:25:54","guid":{"rendered":"http:\/\/mgbb.fr\/?page_id=311"},"modified":"2023-06-15T15:14:43","modified_gmt":"2023-06-15T13:14:43","slug":"le-club","status":"publish","type":"page","link":"https:\/\/mgbb.fr\/index.php\/le-club\/","title":{"rendered":"Le club, pr\u00e9sentation"},"content":{"rendered":"\n<section class=\"wp-block-uagb-columns uagb-columns__wrap uagb-columns__background-none uagb-columns__stack-mobile uagb-columns__valign- uagb-columns__gap-10 align uagb-block-4fba33e0 uagb-columns__columns-2 uagb-columns__max_width-theme\"><div class=\"uagb-columns__overlay\"><\/div><div class=\"uagb-columns__inner-wrap uagb-columns__columns-2\">\n<div class=\"wp-block-uagb-column uagb-column__wrap uagb-column__background-undefined uagb-block-8d1476da\"><div class=\"uagb-column__overlay\"><\/div>\n\t\t\t<div class=\"wp-block-uagb-post-masonry uagb-post-grid  uagb-post__image-position-top uagb-post__image-enabled uagb-block-a030c0d4     uagb-post__items uagb-post__columns-1 is-masonry uagb-post__columns-tablet-1 uagb-post__columns-mobile-1\" data-total=\"1\" style=\"\">\n\n\t\t\t\t\t\t\t\t\t\t\t\t<article class=\"uagb-post__inner-wrap\">\t\t\t\t\t\t\t\t<h4 class=\"uagb-post__title uagb-post__text\">\n\t\t\t\t<a href=\"https:\/\/mgbb.fr\/index.php\/2025\/09\/20\/presentation-du-mgbb\/\" target=\"_self\" rel=\"bookmark noopener noreferrer\">Pr\u00e9sentation du MGBB<\/a>\n\t\t\t<\/h4>\n\t\t\t\t\t\t<div class='uagb-post__text uagb-post-grid-byline'>\n\t\t\t\t\t\t\t\t<time datetime=\"2025-09-20T14:45:54+02:00\" class=\"uagb-post__date\">\n\t\t\t\t<span class=\"dashicons-calendar dashicons\"><\/span>\t\t\t\t\t20 septembre 2025\t\t\t\t<\/time>\n\t\t\t\t\t\t\t<span class=\"uagb-post__comment\">\n\t\t\t\t<span class=\"dashicons-admin-comments dashicons\"><\/span>\t\t\t\t\tAucun commentaire\t\t\t\t<\/span>\n\t\t\t\t\t\t<\/div>\n\t\t\t\t\t\t\t<div class='uagb-post__text uagb-post__excerpt'>\n\t\t\t\t\t<!-- wp:paragraph -->\n<p>Le club de basket \u00ab <a href=\"http:\/\/www.mgbb.fr\/2021\/component\/content\/?id=25:histoire-du-basket-ontbert&amp;catid=15:lofficiel-du-mgbb&amp;Itemid=34\">Montbert<\/a> <a href=\"http:\/\/www.mgbb.fr\/2021\/component\/content\/?id=24:histoire-du-basket-eneston&amp;catid=15:lofficiel-du-mgbb&amp;Itemid=34\">Geneston<\/a> <a href=\"http:\/\/www.mgbb.fr\/2021\/component\/content\/?id=23:histoire-du-basket-au-bignon&amp;catid=15:lofficiel-du-mgbb&amp;Itemid=34\">le Bignon<\/a> basket \u00bb n\u00e9 en 2004 est issu de la fusion des clubs historiques des 3 communes.<br>D\u00e8s sa cr\u00e9ation le MGBB a souhait\u00e9 mettre en place une structure bas\u00e9e sur la formation des jeunes, en 2009 le label \u00ab club formateur \u00bb lui a \u00e9t\u00e9 d\u00e9cern\u00e9 par le comit\u00e9 d\u00e9partemental olympique et sportif.<\/p>\n<!-- \/wp:paragraph -->\n\n<!-- wp:paragraph -->\n<p>Parall\u00e8lement \u00e0 cela il a b\u00e9n\u00e9fici\u00e9 d\u2019une formidable dynamique au travers d\u2019une g\u00e9n\u00e9ration de jeunes s\u00e9niors gar\u00e7ons qui a favoris\u00e9 la m\u00e9diatisation et le d\u00e9veloppement du club. Dynamique confirm\u00e9e en 2014 avec un acc\u00e8s en R2 et \u00e9galement une mont\u00e9e en D3 pour les s\u00e9niors Gar\u00e7ons.<br>En 2013 les dirigeants sont \u00e9galement heureux des bons r\u00e9sultats des s\u00e9niors filles qui acc\u00e8dent au niveau 2 d\u00e9partemental et ainsi ouvrent de bonnes perspectives aux jeunes talents du club. Cette m\u00eame ann\u00e9e le MGBB a obtenu son premier titre officiel au travers des minimes filles qui sont devenues championnes d\u00e9partementales. Tout cela laisse augurer d&rsquo;un avenir prometteur pour les s\u00e9niors filles.<br>2025, nouvelle ann\u00e9e faste avec le titre de champion d\u00e9partemental et la coupe de Loire Atlantique emport\u00e9 par les s\u00e9niors gar\u00e7ons, sans oublier la coupe \u00e9galement remport\u00e9e par les U18 filles!<br><br>En chiffres le MGBB, c\u2019est 250 licenci\u00e9s, 25 \u00e9quipes en championnat et deux entra\u00eeneurs dipl\u00f4m\u00e9s qui assurent la formation.<br>Ce sont \u00e9galement de nombreux b\u00e9n\u00e9voles qui s\u2019investissent dans le conseil d\u2019administration, dans l\u2019arbitrage ou l\u2019encadrement des \u00e9quipes.<\/p>\n<!-- \/wp:paragraph -->\t\t\t\t<\/div>\n\t\t\t\t\t\t<div class=\"uagb-post__text uagb-post__cta wp-block-button\">\n\t\t\t\t<a class=\"wp-block-button__link uagb-text-link\" style=\"\" href=\"https:\/\/mgbb.fr\/index.php\/2025\/09\/20\/presentation-du-mgbb\/\" target=\"_self\" rel=\"bookmark noopener noreferrer\">Lire la suite<\/a>\n\t\t\t<\/div>\n\t\t\t\n\t\t\t\t\t\t\t\t\t<\/article>\n\t\t\t\t\t\t\t\t\t\t\t\t\t\t\t\t<article class=\"uagb-post__inner-wrap\">\t\t\t\t\t\t\t\t<div class='uagb-post__image'>\n\t\t\t\t\t\t\t\t\t<a href=\"https:\/\/mgbb.fr\/index.php\/2025\/09\/14\/le-conseil-dadministration-2025-2026\/\" target=\"_self\" rel=\"bookmark noopener noreferrer\"><img loading=\"lazy\" decoding=\"async\" width=\"1024\" height=\"493\" src=\"https:\/\/mgbb.fr\/wp-content\/uploads\/2025\/09\/2025-2027_CA-bureau-1024x493.jpg\" class=\"attachment-large size-large\" alt=\"\" srcset=\"https:\/\/mgbb.fr\/wp-content\/uploads\/2025\/09\/2025-2027_CA-bureau-1024x493.jpg 1024w, https:\/\/mgbb.fr\/wp-content\/uploads\/2025\/09\/2025-2027_CA-bureau-300x144.jpg 300w, https:\/\/mgbb.fr\/wp-content\/uploads\/2025\/09\/2025-2027_CA-bureau-768x369.jpg 768w, https:\/\/mgbb.fr\/wp-content\/uploads\/2025\/09\/2025-2027_CA-bureau-1536x739.jpg 1536w, https:\/\/mgbb.fr\/wp-content\/uploads\/2025\/09\/2025-2027_CA-bureau-2048x985.jpg 2048w\" sizes=\"auto, (max-width: 1024px) 100vw, 1024px\" \/>\t\t\t\t\t<\/a>\n\t\t\t\t\t\t\t\t\t<\/div>\n\t\t\t\t\t\t<h4 class=\"uagb-post__title uagb-post__text\">\n\t\t\t\t<a href=\"https:\/\/mgbb.fr\/index.php\/2025\/09\/14\/le-conseil-dadministration-2025-2026\/\" target=\"_self\" rel=\"bookmark noopener noreferrer\">Le conseil d&rsquo;administration 2025-2026<\/a>\n\t\t\t<\/h4>\n\t\t\t\t\t\t<div class='uagb-post__text uagb-post-grid-byline'>\n\t\t\t\t\t\t\t\t<time datetime=\"2025-09-14T19:25:06+02:00\" class=\"uagb-post__date\">\n\t\t\t\t<span class=\"dashicons-calendar dashicons\"><\/span>\t\t\t\t\t14 septembre 2025\t\t\t\t<\/time>\n\t\t\t\t\t\t\t<span class=\"uagb-post__comment\">\n\t\t\t\t<span class=\"dashicons-admin-comments dashicons\"><\/span>\t\t\t\t\tAucun commentaire\t\t\t\t<\/span>\n\t\t\t\t\t\t<\/div>\n\t\t\t\t\t\t\t<div class='uagb-post__text uagb-post__excerpt'>\n\t\t\t\t\t<!-- wp:paragraph {\"align\":\"left\",\"fontSize\":\"medium\"} -->\n<p class=\"has-text-align-left has-medium-font-size\">Si vous ou vos enfants font du basket au sein du MGBB, c&rsquo;est gr\u00e2ce \u00e0 ces <strong>23 personnes (*)<\/strong> qui on d\u00e9cid\u00e9 d&rsquo;investir de leur temps et de leur \u00e9nergie pour continuer \u00e0 faire vivre le club. Cette saison Sandrine conserve le manche \u00e0 la pr\u00e9sidence, le chalenge n&rsquo;est pas simple alors f\u00e9licitation \u00e0 Sandrine pour avoir accept\u00e9 de poursuivre le d\u00e9fi !<br>Le conseil d\u2019administration est organis\u00e9 en 7 commissions : PLANNING, ANIMATION &amp; MATERIEL, TECHNIQUE, TOURNOIS, SPONSORING, BOUTIQUE et COMMUNICATION, mani\u00e8re de r\u00e9partir le travail de chacun.<br>(*) <em><strong>23 personnes<\/strong>, cela peut vous para\u00eetre beaucoup, mais malheureusement non compte tenu de l&rsquo;ampleurde la t\u00e2che. C&rsquo;est pourquoi il est essentiel que chaque parent chaque joueur donne un coup de main et r\u00e9ponde favorablement \u00e0 toutes les sollicitations!<\/em><\/p>\n<!-- \/wp:paragraph -->\n\n<!-- wp:paragraph {\"backgroundColor\":\"pale-cyan-blue\",\"fontSize\":\"medium\"} -->\n<p class=\"has-pale-cyan-blue-background-color has-background has-medium-font-size\">Amis joueurs, parents, sachez que nous allons faire le maximum pour que la saison se passe au mieux!<br>Si vous constatez des probl\u00e8mes, soyez indulgents et venez en parler calmement.<br>Et surtout, n&rsquo;h\u00e9sitez pas \u00e0 venir nous aider, le travail ne manque pas. Merci d&rsquo;avance!<\/p>\n<!-- \/wp:paragraph -->\n\n<!-- wp:paragraph {\"align\":\"center\",\"fontSize\":\"medium\"} -->\n<p class=\"has-text-align-center has-medium-font-size\"><strong>Pr\u00e9sidente : Sandrine Cougnaud,<\/strong><\/p>\n<!-- \/wp:paragraph -->\n\n<!-- wp:paragraph {\"align\":\"center\",\"fontSize\":\"medium\"} -->\n<p class=\"has-text-align-center has-medium-font-size\">V pr\u00e9sidentes: Aur\u00e9lie Templier, \u00c9lodie Couvrand<\/p>\n<!-- \/wp:paragraph -->\n\n<!-- wp:paragraph {\"align\":\"center\",\"fontSize\":\"medium\"} -->\n<p class=\"has-text-align-center has-medium-font-size\"><strong>  Secr\u00e9taires : Corine Lorec \/ St\u00e9phanie Templier, Tr\u00e9sori\u00e8re : Karine Aoustin<\/strong><\/p>\n<!-- \/wp:paragraph -->\n\n<!-- wp:image {\"id\":10785,\"sizeSlug\":\"large\",\"linkDestination\":\"none\",\"align\":\"center\"} -->\n<figure class=\"wp-block-image aligncenter size-large\"><img loading=\"lazy\" decoding=\"async\" width=\"724\" height=\"1024\" src=\"https:\/\/mgbb.fr\/wp-content\/uploads\/2025\/09\/2025-2026_CA-photos-724x1024.jpeg\" alt=\"\" class=\"wp-image-10785\" srcset=\"https:\/\/mgbb.fr\/wp-content\/uploads\/2025\/09\/2025-2026_CA-photos-724x1024.jpeg 724w, https:\/\/mgbb.fr\/wp-content\/uploads\/2025\/09\/2025-2026_CA-photos-212x300.jpeg 212w, https:\/\/mgbb.fr\/wp-content\/uploads\/2025\/09\/2025-2026_CA-photos-768x1086.jpeg 768w, https:\/\/mgbb.fr\/wp-content\/uploads\/2025\/09\/2025-2026_CA-photos-1086x1536.jpeg 1086w, https:\/\/mgbb.fr\/wp-content\/uploads\/2025\/09\/2025-2026_CA-photos.jpeg 1131w\" sizes=\"auto, (max-width: 724px) 100vw, 724px\" \/><\/figure>\n<!-- \/wp:image -->\n\n<!-- wp:separator -->\n<hr class=\"wp-block-separator has-alpha-channel-opacity\" \/>\n<!-- \/wp:separator -->\n\n<!-- wp:paragraph {\"backgroundColor\":\"luminous-vivid-amber\",\"fontSize\":\"medium\"} -->\n<p class=\"has-luminous-vivid-amber-background-color has-background has-medium-font-size\"><strong>Organigramme :<\/strong><\/p>\n<!-- \/wp:paragraph -->\n\n<!-- wp:pdf-viewer-block\/standard {\"mediaID\":10809} -->\n<div class=\"wp-block-pdf-viewer-block-standard\" style=\"text-align:left\"><div class=\"uploaded-pdf\"><a href=\"https:\/\/mgbb.fr\/wp-content\/uploads\/2025\/09\/MGBB_Organigramme_2025_2026.pdf\" data-width=\"\" data-height=\"\"><\/a><\/div><\/div>\n<!-- \/wp:pdf-viewer-block\/standard -->\n\n<!-- wp:paragraph {\"fontSize\":\"medium\"} -->\n<p class=\"has-medium-font-size\"><br><br><\/p>\n<!-- \/wp:paragraph -->\n\n<!-- wp:paragraph -->\n<p><\/p>\n<!-- \/wp:paragraph -->\t\t\t\t<\/div>\n\t\t\t\t\t\t<div class=\"uagb-post__text uagb-post__cta wp-block-button\">\n\t\t\t\t<a class=\"wp-block-button__link uagb-text-link\" style=\"\" href=\"https:\/\/mgbb.fr\/index.php\/2025\/09\/14\/le-conseil-dadministration-2025-2026\/\" target=\"_self\" rel=\"bookmark noopener noreferrer\">Lire la suite<\/a>\n\t\t\t<\/div>\n\t\t\t\n\t\t\t\t\t\t\t\t\t<\/article>\n\t\t\t\t\t\t\t\t\t\t\t<\/div>\n\t\t\t<\/div>\n\n\n\n<div class=\"wp-block-uagb-column uagb-column__wrap uagb-column__background-undefined uagb-block-70222515\"><div class=\"uagb-column__overlay\"><\/div>\n<p><\/p>\n\n\n\n<p class=\"has-large-font-size\">Et aussi &#8230;<\/p>\n\n\n\n<ul class=\"wp-block-list\" style=\"font-size:18px\">\n<li><a href=\"https:\/\/mgbb.fr\/?page_id=1136\">Contact MGBB<\/a><br><\/li>\n\n\n\n<li><a data-type=\"page\" href=\"https:\/\/mgbb.fr\/index.php\/le-club-les-salles\/\">Les salles de basket<\/a><br><\/li>\n\n\n\n<li><a data-type=\"page\" data-id=\"327\" href=\"https:\/\/mgbb.fr\/index.php\/le-club-palmares\/\">Le palmar\u00e8s du MGBB<\/a><br><\/li>\n\n\n\n<li><a data-type=\"page\" data-id=\"337\" href=\"https:\/\/mgbb.fr\/index.php\/le-club-statuts\/\">Les statuts et le r\u00e8glement int\u00e9rieur de l&rsquo;association<\/a><br><\/li>\n\n\n\n<li><a data-type=\"page\" data-id=\"325\" href=\"https:\/\/mgbb.fr\/index.php\/le-club-histoire\/\">L&rsquo;histoire du MGBB<\/a><br><\/li>\n\n\n\n<li><a data-type=\"page\" data-id=\"476\" href=\"https:\/\/mgbb.fr\/index.php\/test\/\">Archives, <br>journaux, site internet<\/a><br><\/li>\n<\/ul>\n\n\n\n<p class=\"has-medium-font-size\"><strong>Historique des pr\u00e9sidents<\/strong><\/p>\n\n\n\n<ul class=\"has-normal-font-size wp-block-list\">\n<li>2004 : Marie-Line LANDAIS-GUERCHET<\/li>\n\n\n\n<li>2010 : Laurence BAUDRY<\/li>\n\n\n\n<li>2014 : Vanessa AVERTY<\/li>\n\n\n\n<li>2016 : Christophe YVRENOGEAU<\/li>\n\n\n\n<li>2019 : Gildas GUEHENNEUX<\/li>\n\n\n\n<li>2022 : Mahima VINCENDEAU<\/li>\n\n\n\n<li>2023 : Sandrine COUGNAUD <\/li>\n<\/ul>\n<\/div>\n<\/div><\/section>\n\n\n\n<p><\/p>\n","protected":false},"excerpt":{"rendered":"<p>Et aussi &#8230; Historique des pr\u00e9sidents<\/p>\n","protected":false},"author":3,"featured_media":0,"parent":0,"menu_order":0,"comment_status":"closed","ping_status":"closed","template":"","meta":{"_uag_custom_page_level_css":"","site-sidebar-layout":"default","site-content-layout":"default","ast-site-content-layout":"default","site-content-style":"default","site-sidebar-style":"default","ast-global-header-display":"","ast-banner-title-visibility":"","ast-main-header-display":"","ast-hfb-above-header-display":"","ast-hfb-below-header-display":"","ast-hfb-mobile-header-display":"","site-post-title":"","ast-breadcrumbs-content":"","ast-featured-img":"","footer-sml-layout":"","ast-disable-related-posts":"","theme-transparent-header-meta":"default","adv-header-id-meta":"","stick-header-meta":"","header-above-stick-meta":"","header-main-stick-meta":"","header-below-stick-meta":"","astra-migrate-meta-layouts":"default","ast-page-background-enabled":"default","ast-page-background-meta":{"desktop":{"background-color":"var(--ast-global-color-4)","background-image":"","background-repeat":"repeat","background-position":"center center","background-size":"auto","background-attachment":"scroll","background-type":"","background-media":"","overlay-type":"","overlay-color":"","overlay-opacity":"","overlay-gradient":""},"tablet":{"background-color":"","background-image":"","background-repeat":"repeat","background-position":"center center","background-size":"auto","background-attachment":"scroll","background-type":"","background-media":"","overlay-type":"","overlay-color":"","overlay-opacity":"","overlay-gradient":""},"mobile":{"background-color":"","background-image":"","background-repeat":"repeat","background-position":"center center","background-size":"auto","background-attachment":"scroll","background-type":"","background-media":"","overlay-type":"","overlay-color":"","overlay-opacity":"","overlay-gradient":""}},"ast-content-background-meta":{"desktop":{"background-color":"var(--ast-global-color-5)","background-image":"","background-repeat":"repeat","background-position":"center center","background-size":"auto","background-attachment":"scroll","background-type":"","background-media":"","overlay-type":"","overlay-color":"","overlay-opacity":"","overlay-gradient":""},"tablet":{"background-color":"var(--ast-global-color-5)","background-image":"","background-repeat":"repeat","background-position":"center center","background-size":"auto","background-attachment":"scroll","background-type":"","background-media":"","overlay-type":"","overlay-color":"","overlay-opacity":"","overlay-gradient":""},"mobile":{"background-color":"var(--ast-global-color-5)","background-image":"","background-repeat":"repeat","background-position":"center center","background-size":"auto","background-attachment":"scroll","background-type":"","background-media":"","overlay-type":"","overlay-color":"","overlay-opacity":"","overlay-gradient":""}},"iawp_total_views":287,"footnotes":""},"class_list":["post-311","page","type-page","status-publish","hentry"],"uagb_featured_image_src":{"full":false,"thumbnail":false,"medium":false,"medium_large":false,"large":false,"1536x1536":false,"2048x2048":false},"uagb_author_info":{"display_name":"Guy Yhuel","author_link":"https:\/\/mgbb.fr\/index.php\/author\/guy-yhuel\/"},"uagb_comment_info":0,"uagb_excerpt":"Et aussi &#8230; Historique des pr\u00e9sidents","_links":{"self":[{"href":"https:\/\/mgbb.fr\/index.php\/wp-json\/wp\/v2\/pages\/311","targetHints":{"allow":["GET"]}}],"collection":[{"href":"https:\/\/mgbb.fr\/index.php\/wp-json\/wp\/v2\/pages"}],"about":[{"href":"https:\/\/mgbb.fr\/index.php\/wp-json\/wp\/v2\/types\/page"}],"author":[{"embeddable":true,"href":"https:\/\/mgbb.fr\/index.php\/wp-json\/wp\/v2\/users\/3"}],"replies":[{"embeddable":true,"href":"https:\/\/mgbb.fr\/index.php\/wp-json\/wp\/v2\/comments?post=311"}],"version-history":[{"count":38,"href":"https:\/\/mgbb.fr\/index.php\/wp-json\/wp\/v2\/pages\/311\/revisions"}],"predecessor-version":[{"id":10790,"href":"https:\/\/mgbb.fr\/index.php\/wp-json\/wp\/v2\/pages\/311\/revisions\/10790"}],"wp:attachment":[{"href":"https:\/\/mgbb.fr\/index.php\/wp-json\/wp\/v2\/media?parent=311"}],"curies":[{"name":"wp","href":"https:\/\/api.w.org\/{rel}","templated":true}]}}