{"id":1215,"date":"2021-09-21T15:30:24","date_gmt":"2021-09-21T13:30:24","guid":{"rendered":"https:\/\/mgbb.fr\/?page_id=1215"},"modified":"2025-12-26T14:37:02","modified_gmt":"2025-12-26T13:37:02","slug":"u13m-d2-noan","status":"publish","type":"page","link":"https:\/\/mgbb.fr\/index.php\/u13m-d2-noan\/","title":{"rendered":"U13M-D3 (Noan)"},"content":{"rendered":"\n<div class=\"wp-block-columns is-layout-flex wp-container-core-columns-is-layout-28f84493 wp-block-columns-is-layout-flex\">\n<div class=\"wp-block-column is-layout-flow wp-block-column-is-layout-flow\">\n<div id='gallery-1' class='gallery galleryid-1215 gallery-columns-3 gallery-size-thumbnail'><figure class='gallery-item'>\n\t\t\t<div class='gallery-icon landscape'>\n\t\t\t\t<a href='https:\/\/mgbb.fr\/20251004_u13-m2\/'><img loading=\"lazy\" decoding=\"async\" width=\"150\" height=\"150\" src=\"https:\/\/mgbb.fr\/wp-content\/uploads\/2025\/10\/20251004_U13-M2-150x150.jpg\" class=\"attachment-thumbnail size-thumbnail\" alt=\"\" aria-describedby=\"gallery-1-11057\" \/><\/a>\n\t\t\t<\/div>\n\t\t\t\t<figcaption class='wp-caption-text gallery-caption' id='gallery-1-11057'>\n\t\t\t\t Hugo, David, Nolan, Matheis, Noan, Gabin, Charles, Martin, Chris. Manque Aaron .\n\t\t\t\t<\/figcaption><\/figure><figure class='gallery-item'>\n\t\t\t<div class='gallery-icon landscape'>\n\t\t\t\t<a href='https:\/\/mgbb.fr\/20251109-u13m2\/'><img loading=\"lazy\" decoding=\"async\" width=\"150\" height=\"150\" src=\"https:\/\/mgbb.fr\/wp-content\/uploads\/2025\/11\/20251109-U13M2-150x150.jpg\" class=\"attachment-thumbnail size-thumbnail\" alt=\"\" aria-describedby=\"gallery-1-11421\" \/><\/a>\n\t\t\t<\/div>\n\t\t\t\t<figcaption class='wp-caption-text gallery-caption' id='gallery-1-11421'>\n\t\t\t\tU13 M2\n\t\t\t\t<\/figcaption><\/figure>\n\t\t<\/div>\n\n<\/div>\n<\/div>\n\n\n\n<div class=\"wp-block-columns is-layout-flex wp-container-core-columns-is-layout-28f84493 wp-block-columns-is-layout-flex\">\n<div class=\"wp-block-column is-layout-flow wp-block-column-is-layout-flow\">\n<div class=\"wp-block-columns is-layout-flex wp-container-core-columns-is-layout-28f84493 wp-block-columns-is-layout-flex\">\n<div class=\"wp-block-column is-layout-flow wp-block-column-is-layout-flow\">\n<p class=\"has-medium-font-size\"><strong>L\u2019\u00e9quipe sur le site de la f\u00e9d\u00e9ration :<\/strong> <strong><a href=\"https:\/\/competitions.ffbb.com\/ligues\/pdl\/comites\/0044\/clubs\/pdl0044085\/equipes\/200000005259898\" target=\"_blank\" rel=\"noreferrer noopener\">ffbb.com<\/a><\/strong><\/p>\n\n\n\n<div class=\"scorenco-widget\" data-widget-type=\"team\" data-widget-id=\"173866\" style=\"background: #F2F5F9; height: 500px; display: flex; align-items: center; justify-content: center; flex-direction: column;text-transform: uppercase; font-family: sans-serif; font-weight: bolder; gap: 9px; color:#1E457B;\">\n  <div class=\"ldsdr\"><\/div>\n  Score&rsquo;n&rsquo;co &#8211; Montbert Geneston le Bignon Basket\n  <\/div>\n  <style>.ldsdr{display:inline-block;width:80px;height:80px}.ldsdr:after{content:\" \";display:block;width:64px;height:64px;margin:8px;border-radius:50%;border:6px solid #1E457B;border-color:#1E457B transparent;animation:ldsdr 1.2s linear infinite}@keyframes ldsdr{0%{transform:rotate(0deg)}100%{transform:rotate(360deg)}}<\/style>\n  <script async defer src=\"https:\/\/widgets.scorenco.com\/host\/widgets.js\"><\/script>\n\n\n\n<div class=\"wp-block-columns is-layout-flex wp-container-core-columns-is-layout-28f84493 wp-block-columns-is-layout-flex\">\n<div class=\"wp-block-column is-layout-flow wp-block-column-is-layout-flow\">\n<p class=\"has-medium-font-size\"><strong>Liens utiles :<\/strong><\/p>\n\n\n\n<ul class=\"wp-block-list\">\n<li><a href=\"https:\/\/mgbb.fr\/index.php\/encadrement-des-equipes\/\">Encadrement \u00e9quipes<\/a><\/li>\n\n\n\n<li><a href=\"https:\/\/mgbb.fr\/index.php\/entrainement\/\">Entra\u00eenements<\/a><\/li>\n<\/ul>\n<\/div>\n\n\n\n<div class=\"wp-block-column is-layout-flow wp-block-column-is-layout-flow\">\n<p class=\"has-medium-font-size\"><strong>Derniers articles :<\/strong><\/p>\n\n\n<ul class=\"wp-block-latest-posts__list has-dates wp-block-latest-posts\"><li><a class=\"wp-block-latest-posts__post-title\" href=\"https:\/\/mgbb.fr\/index.php\/2026\/04\/13\/le-mgbb-recrute\/\">Le MGBB recrute<\/a><time datetime=\"2026-04-13T09:53:33+02:00\" class=\"wp-block-latest-posts__post-date\">13 avril 2026<\/time><\/li>\n<li><a class=\"wp-block-latest-posts__post-title\" href=\"https:\/\/mgbb.fr\/index.php\/2026\/04\/12\/vide-grenier-du-mgbb\/\">Dimanche 26 avril 2026, 22\u00e8me vide grenier du MGBB<\/a><time datetime=\"2026-04-12T10:28:02+02:00\" class=\"wp-block-latest-posts__post-date\">12 avril 2026<\/time><\/li>\n<li><a class=\"wp-block-latest-posts__post-title\" href=\"https:\/\/mgbb.fr\/index.php\/2026\/04\/08\/stages-vacances-davril\/\">Stages vacances d&rsquo;avril<\/a><time datetime=\"2026-04-08T10:21:57+02:00\" class=\"wp-block-latest-posts__post-date\">8 avril 2026<\/time><\/li>\n<li><a class=\"wp-block-latest-posts__post-title\" href=\"https:\/\/mgbb.fr\/index.php\/2026\/04\/05\/alerte-entrainement\/\">Alerte entrainement<\/a><time datetime=\"2026-04-05T15:36:29+02:00\" class=\"wp-block-latest-posts__post-date\">5 avril 2026<\/time><\/li>\n<li><a class=\"wp-block-latest-posts__post-title\" href=\"https:\/\/mgbb.fr\/index.php\/2026\/04\/02\/pre-inscription-2026-2027\/\">Pr\u00e9-inscription 2026-2027<\/a><time datetime=\"2026-04-02T17:30:19+02:00\" class=\"wp-block-latest-posts__post-date\">2 avril 2026<\/time><\/li>\n<\/ul><\/div>\n<\/div>\n<\/div>\n<\/div>\n<\/div>\n<\/div>\n","protected":false},"excerpt":{"rendered":"<p>L\u2019\u00e9quipe sur le site de la f\u00e9d\u00e9ration : ffbb.com Score&rsquo;n&rsquo;co &#8211; Montbert Geneston le Bignon Basket Liens utiles : Derniers articles :<\/p>\n","protected":false},"author":3,"featured_media":0,"parent":0,"menu_order":0,"comment_status":"closed","ping_status":"closed","template":"","meta":{"_uag_custom_page_level_css":"","site-sidebar-layout":"default","site-content-layout":"default","ast-site-content-layout":"default","site-content-style":"default","site-sidebar-style":"default","ast-global-header-display":"","ast-banner-title-visibility":"","ast-main-header-display":"","ast-hfb-above-header-display":"","ast-hfb-below-header-display":"","ast-hfb-mobile-header-display":"","site-post-title":"","ast-breadcrumbs-content":"","ast-featured-img":"","footer-sml-layout":"","ast-disable-related-posts":"","theme-transparent-header-meta":"default","adv-header-id-meta":"","stick-header-meta":"","header-above-stick-meta":"","header-main-stick-meta":"","header-below-stick-meta":"","astra-migrate-meta-layouts":"set","ast-page-background-enabled":"default","ast-page-background-meta":{"desktop":{"background-color":"var(--ast-global-color-4)","background-image":"","background-repeat":"repeat","background-position":"center center","background-size":"auto","background-attachment":"scroll","background-type":"","background-media":"","overlay-type":"","overlay-color":"","overlay-opacity":"","overlay-gradient":""},"tablet":{"background-color":"","background-image":"","background-repeat":"repeat","background-position":"center center","background-size":"auto","background-attachment":"scroll","background-type":"","background-media":"","overlay-type":"","overlay-color":"","overlay-opacity":"","overlay-gradient":""},"mobile":{"background-color":"","background-image":"","background-repeat":"repeat","background-position":"center center","background-size":"auto","background-attachment":"scroll","background-type":"","background-media":"","overlay-type":"","overlay-color":"","overlay-opacity":"","overlay-gradient":""}},"ast-content-background-meta":{"desktop":{"background-color":"var(--ast-global-color-5)","background-image":"","background-repeat":"repeat","background-position":"center center","background-size":"auto","background-attachment":"scroll","background-type":"","background-media":"","overlay-type":"","overlay-color":"","overlay-opacity":"","overlay-gradient":""},"tablet":{"background-color":"var(--ast-global-color-5)","background-image":"","background-repeat":"repeat","background-position":"center center","background-size":"auto","background-attachment":"scroll","background-type":"","background-media":"","overlay-type":"","overlay-color":"","overlay-opacity":"","overlay-gradient":""},"mobile":{"background-color":"var(--ast-global-color-5)","background-image":"","background-repeat":"repeat","background-position":"center center","background-size":"auto","background-attachment":"scroll","background-type":"","background-media":"","overlay-type":"","overlay-color":"","overlay-opacity":"","overlay-gradient":""}},"iawp_total_views":527,"footnotes":""},"class_list":["post-1215","page","type-page","status-publish","hentry"],"uagb_featured_image_src":{"full":false,"thumbnail":false,"medium":false,"medium_large":false,"large":false,"1536x1536":false,"2048x2048":false},"uagb_author_info":{"display_name":"Guy Yhuel","author_link":"https:\/\/mgbb.fr\/index.php\/author\/guy-yhuel\/"},"uagb_comment_info":0,"uagb_excerpt":"L\u2019\u00e9quipe sur le site de la f\u00e9d\u00e9ration : ffbb.com Score&rsquo;n&rsquo;co &#8211; Montbert Geneston le Bignon Basket Liens utiles : Derniers articles :","_links":{"self":[{"href":"https:\/\/mgbb.fr\/index.php\/wp-json\/wp\/v2\/pages\/1215","targetHints":{"allow":["GET"]}}],"collection":[{"href":"https:\/\/mgbb.fr\/index.php\/wp-json\/wp\/v2\/pages"}],"about":[{"href":"https:\/\/mgbb.fr\/index.php\/wp-json\/wp\/v2\/types\/page"}],"author":[{"embeddable":true,"href":"https:\/\/mgbb.fr\/index.php\/wp-json\/wp\/v2\/users\/3"}],"replies":[{"embeddable":true,"href":"https:\/\/mgbb.fr\/index.php\/wp-json\/wp\/v2\/comments?post=1215"}],"version-history":[{"count":40,"href":"https:\/\/mgbb.fr\/index.php\/wp-json\/wp\/v2\/pages\/1215\/revisions"}],"predecessor-version":[{"id":11807,"href":"https:\/\/mgbb.fr\/index.php\/wp-json\/wp\/v2\/pages\/1215\/revisions\/11807"}],"wp:attachment":[{"href":"https:\/\/mgbb.fr\/index.php\/wp-json\/wp\/v2\/media?parent=1215"}],"curies":[{"name":"wp","href":"https:\/\/api.w.org\/{rel}","templated":true}]}}